{"id":9706,"date":"2022-08-28T18:27:41","date_gmt":"2022-08-28T22:27:41","guid":{"rendered":"https:\/\/www.romystore.cl\/?post_type=product&#038;p=9706"},"modified":"2025-06-12T16:57:47","modified_gmt":"2025-06-12T20:57:47","slug":"sugar-kiss-balsamo-labial-kleancolor-cafe","status":"publish","type":"product","link":"https:\/\/www.romystore.cl\/?product=sugar-kiss-balsamo-labial-kleancolor-cafe","title":{"rendered":"Sugar Kiss Exfoliante labial &#8211; Kleancolor Caf\u00e9*"},"content":{"rendered":"<p>&nbsp;<\/p>\n<ul>\n<li><span class=\"VIiyi\" lang=\"es\"><span class=\"JLqJ4b ChMk0b\" data-language-for-alternatives=\"es\" data-language-to-translate-into=\"en\" data-phrase-index=\"0\" data-number-of-phrases=\"10\"><span class=\"Q4iAWc\">Exfolia suavemente y acondiciona los labios. Impregnado con aceite de frutas y manteca de karit\u00e9. Preparaciones para una aplicaci\u00f3n de l\u00e1piz labial suave<\/span><\/span><\/span><\/li>\n<li>Modo de empleo: <span class=\"VIiyi\" lang=\"es\"><span class=\"JLqJ4b ChMk0b\" data-language-for-alternatives=\"es\" data-language-to-translate-into=\"en\" data-phrase-index=\"9\" data-number-of-phrases=\"10\"><span class=\"Q4iAWc\">aplique con un ligero movimiento circular, luego limpie con un pa\u00f1o h\u00famedo.<\/span><\/span><\/span><\/li>\n<\/ul>\n<p>&nbsp;<\/p>\n","protected":false},"excerpt":{"rendered":"<p>Sugar Kiss B\u00e1lsamo labial &#8211; Kleancolor Caf\u00e9*<\/p>\n","protected":false},"featured_media":19155,"template":"","meta":{"spay_email":""},"product_cat":[468,197,1192],"product_tag":[1129,361,998,1128],"class_list":{"0":"post-9706","1":"product","2":"type-product","3":"status-publish","4":"has-post-thumbnail","6":"product_cat-balsamo-labial","7":"product_cat-labios","8":"product_cat-stock","9":"product_tag-coffee","10":"product_tag-kleancolor","11":"product_tag-lip-balm","12":"product_tag-sugar-kiss","13":"product-grid-view","15":"first","16":"instock","17":"shipping-taxable","18":"purchasable","19":"product-type-simple"},"_links":{"self":[{"href":"https:\/\/www.romystore.cl\/index.php?rest_route=\/wp\/v2\/product\/9706","targetHints":{"allow":["GET"]}}],"collection":[{"href":"https:\/\/www.romystore.cl\/index.php?rest_route=\/wp\/v2\/product"}],"about":[{"href":"https:\/\/www.romystore.cl\/index.php?rest_route=\/wp\/v2\/types\/product"}],"wp:featuredmedia":[{"embeddable":true,"href":"https:\/\/www.romystore.cl\/index.php?rest_route=\/wp\/v2\/media\/19155"}],"wp:attachment":[{"href":"https:\/\/www.romystore.cl\/index.php?rest_route=%2Fwp%2Fv2%2Fmedia&parent=9706"}],"wp:term":[{"taxonomy":"product_cat","embeddable":true,"href":"https:\/\/www.romystore.cl\/index.php?rest_route=%2Fwp%2Fv2%2Fproduct_cat&post=9706"},{"taxonomy":"product_tag","embeddable":true,"href":"https:\/\/www.romystore.cl\/index.php?rest_route=%2Fwp%2Fv2%2Fproduct_tag&post=9706"}],"curies":[{"name":"wp","href":"https:\/\/api.w.org\/{rel}","templated":true}]}}