{"id":9702,"date":"2022-08-28T18:24:04","date_gmt":"2022-08-28T22:24:04","guid":{"rendered":"https:\/\/www.romystore.cl\/?post_type=product&#038;p=9702"},"modified":"2026-01-11T19:23:21","modified_gmt":"2026-01-11T22:23:21","slug":"sugar-kiss-balsamo-labial-kleancolor-frutilla","status":"publish","type":"product","link":"https:\/\/www.romystore.cl\/?product=sugar-kiss-balsamo-labial-kleancolor-frutilla","title":{"rendered":"Sugar Kiss Exfoliante labial &#8211; Kleancolor Frutilla"},"content":{"rendered":"<p>&nbsp;<\/p>\n<ul>\n<li><span class=\"VIiyi\" lang=\"es\"><span class=\"JLqJ4b ChMk0b\" data-language-for-alternatives=\"es\" data-language-to-translate-into=\"en\" data-phrase-index=\"0\" data-number-of-phrases=\"10\"><span class=\"Q4iAWc\">Exfolia suavemente y acondiciona los labios. Impregnado con aceite de frutas y manteca de karit\u00e9. Preparaciones para una aplicaci\u00f3n de l\u00e1piz labial suave<\/span><\/span><\/span><\/li>\n<li>Modo de empleo: <span class=\"VIiyi\" lang=\"es\"><span class=\"JLqJ4b ChMk0b\" data-language-for-alternatives=\"es\" data-language-to-translate-into=\"en\" data-phrase-index=\"9\" data-number-of-phrases=\"10\"><span class=\"Q4iAWc\">aplique con un ligero movimiento circular, luego limpie con un pa\u00f1o h\u00famedo.<\/span><\/span><\/span><\/li>\n<\/ul>\n<p>&nbsp;<\/p>\n","protected":false},"excerpt":{"rendered":"<p>Sugar Kiss B\u00e1lsamo labial &#8211; Kleancolor Frutilla*<\/p>\n","protected":false},"featured_media":26478,"template":"","meta":{"spay_email":""},"product_cat":[468,197,1192],"product_tag":[171,998],"class_list":{"0":"post-9702","1":"product","2":"type-product","3":"status-publish","4":"has-post-thumbnail","6":"product_cat-balsamo-labial","7":"product_cat-labios","8":"product_cat-stock","9":"product_tag-beauty-creations","10":"product_tag-lip-balm","11":"product-grid-view","13":"first","14":"instock","15":"shipping-taxable","16":"purchasable","17":"product-type-simple"},"_links":{"self":[{"href":"https:\/\/www.romystore.cl\/index.php?rest_route=\/wp\/v2\/product\/9702","targetHints":{"allow":["GET"]}}],"collection":[{"href":"https:\/\/www.romystore.cl\/index.php?rest_route=\/wp\/v2\/product"}],"about":[{"href":"https:\/\/www.romystore.cl\/index.php?rest_route=\/wp\/v2\/types\/product"}],"wp:featuredmedia":[{"embeddable":true,"href":"https:\/\/www.romystore.cl\/index.php?rest_route=\/wp\/v2\/media\/26478"}],"wp:attachment":[{"href":"https:\/\/www.romystore.cl\/index.php?rest_route=%2Fwp%2Fv2%2Fmedia&parent=9702"}],"wp:term":[{"taxonomy":"product_cat","embeddable":true,"href":"https:\/\/www.romystore.cl\/index.php?rest_route=%2Fwp%2Fv2%2Fproduct_cat&post=9702"},{"taxonomy":"product_tag","embeddable":true,"href":"https:\/\/www.romystore.cl\/index.php?rest_route=%2Fwp%2Fv2%2Fproduct_tag&post=9702"}],"curies":[{"name":"wp","href":"https:\/\/api.w.org\/{rel}","templated":true}]}}