{"id":7274,"date":"2021-08-02T14:33:57","date_gmt":"2021-08-02T18:33:57","guid":{"rendered":"https:\/\/www.romystore.cl\/?post_type=product&#038;p=7274"},"modified":"2026-01-18T19:19:23","modified_gmt":"2026-01-18T22:19:23","slug":"mascara-de-pestanas-beauty-creations-thickening-mascara","status":"publish","type":"product","link":"https:\/\/www.romystore.cl\/?product=mascara-de-pestanas-beauty-creations-thickening-mascara","title":{"rendered":"M\u00e1scara de pesta\u00f1as &#8211; Beauty Creations Thickening Mascara*"},"content":{"rendered":"<p>Resistente al agua<br \/>\n\u00a1Esta m\u00e1scara de pesta\u00f1as es 2 en 1! Ayuda a quienes desean un aspecto de pesta\u00f1as m\u00e1s completo cuando se lo aplica con regularidad, y puede darles una longitud adicional al usar la punta puntiaguda de la varita.<br \/>\nIdeal para: pesta\u00f1as finas y escasas<\/p>\n","protected":false},"excerpt":{"rendered":"<p>M\u00e1scara de pesta\u00f1as &#8211; Beauty Creations Thickening Mascara<\/p>\n","protected":false},"featured_media":7275,"template":"","meta":{"spay_email":""},"product_cat":[618,454,1192],"product_tag":[171,991,967,303,969],"class_list":{"0":"post-7274","1":"product","2":"type-product","3":"status-publish","4":"has-post-thumbnail","6":"product_cat-mascara-de-pestanas","7":"product_cat-pestanas","8":"product_cat-stock","9":"product_tag-beauty-creations","10":"product_tag-descuento","11":"product_tag-lash-flex","12":"product_tag-mascara-de-pestanas","13":"product_tag-thickening-mascara","14":"product-grid-view","16":"first","17":"instock","18":"sale","19":"shipping-taxable","20":"purchasable","21":"product-type-simple"},"_links":{"self":[{"href":"https:\/\/www.romystore.cl\/index.php?rest_route=\/wp\/v2\/product\/7274","targetHints":{"allow":["GET"]}}],"collection":[{"href":"https:\/\/www.romystore.cl\/index.php?rest_route=\/wp\/v2\/product"}],"about":[{"href":"https:\/\/www.romystore.cl\/index.php?rest_route=\/wp\/v2\/types\/product"}],"wp:featuredmedia":[{"embeddable":true,"href":"https:\/\/www.romystore.cl\/index.php?rest_route=\/wp\/v2\/media\/7275"}],"wp:attachment":[{"href":"https:\/\/www.romystore.cl\/index.php?rest_route=%2Fwp%2Fv2%2Fmedia&parent=7274"}],"wp:term":[{"taxonomy":"product_cat","embeddable":true,"href":"https:\/\/www.romystore.cl\/index.php?rest_route=%2Fwp%2Fv2%2Fproduct_cat&post=7274"},{"taxonomy":"product_tag","embeddable":true,"href":"https:\/\/www.romystore.cl\/index.php?rest_route=%2Fwp%2Fv2%2Fproduct_tag&post=7274"}],"curies":[{"name":"wp","href":"https:\/\/api.w.org\/{rel}","templated":true}]}}