{"id":11777,"date":"2023-12-07T15:47:18","date_gmt":"2023-12-07T18:47:18","guid":{"rendered":"https:\/\/www.romystore.cl\/?post_type=product&#038;p=11777"},"modified":"2025-05-18T21:06:04","modified_gmt":"2025-05-19T01:06:04","slug":"aha-30-bha-2-peeling-solution-serum-exfoliante-the-ordinary","status":"publish","type":"product","link":"https:\/\/www.romystore.cl\/?product=aha-30-bha-2-peeling-solution-serum-exfoliante-the-ordinary","title":{"rendered":"AHA 30% + BHA 2% Peeling Solution | S\u00e9rum exfoliante- The Ordinary"},"content":{"rendered":"<p>&nbsp;<\/p>\n<ul>\n<li><strong>AHA 30% BHA 2% Peeling Solution<\/strong> de <a href=\"https:\/\/theordinary.es\/\">The Ordinary<\/a> es un potente s\u00e9rum exfoliante a base de <strong>alfahidroxi\u00e1cidos (AHA) y \u00e1cido salic\u00edlico (BHA)<\/strong>. La combinaci\u00f3n de ambos exfoliar\u00e1n intensamente tu piel dej\u00e1ndola limpia y suave como nunca hab\u00eda estado antes.\n<p>Si sientes que tu piel pide a gritos una reparaci\u00f3n profunda, si necesitas sentirte limpia y renovada, si tus exfoliantes anteriores no han llegado d\u00f3nde t\u00fa quer\u00edas\u2026 Este fabuloso peeling har\u00e1 maravillas en tu piel.<\/p>\n<p><strong>AHA 30% <\/strong><strong>BHA 2% Peeling Solution<\/strong> mejora la textura de la piel minimizando y descongestionando la apariencia de los poros. Elimina las marcas y cicatrices del acn\u00e9 y reduce la l\u00edneas finas y arrugas. \u00bfResultados? Una tez m\u00e1s suave y radiante, libre de imperfecciones.<\/p>\n<p>Sin embargo, solo esta indicado para las m\u00e1s atrevidas y experimentadas. \u00bfPor qu\u00e9? Porque este s\u00e9rum juega en otra liga y trabaja al nivel de los mism\u00edsimos profesionales. Por lo que hay que ser cautos en su aplicaci\u00f3n, ya que contiene una formulaci\u00f3n alta de \u00e1cidos libres. Por ello, recomendamos usarlo solamente si tu piel no es sensible y tiene una experiencia previa con los \u00e1cidos. Adem\u00e1s, <strong>aconsejamos hacer un test del producto previamente antes de proceder a su aplicaci\u00f3n,<\/strong><\/p>\n<h2>Es emocionante<\/h2>\n<p>Porque es como un peeling profesional en casa<br \/>\nPorque sentir\u00e1s tu piel profundamente renovada<br \/>\nPorque notar\u00e1s resultados al instante<\/p>\n<h2>Sus ingredientes m\u00e1gicos<\/h2>\n<p><strong>Alfahidroxi\u00e1cidos (AHA):<\/strong>\u00a0 Son exfoliantes qu\u00edmicos entre los que encontramos el \u00e1cido glic\u00f3lico y el \u00e1cido l\u00e1ctico. Exfolian la piel de manera natural sin ser agresivos, eliminando eficazmente las c\u00e9lulas muertas promoviendo as\u00ed la renovaci\u00f3n celular y consiguiendo como resultado una piel m\u00e1s suave y uniforme<br \/>\n<strong>\u00c1cido Salic\u00edlico (BHA):<\/strong> Este \u00e1cido y exfoliante natural proveniente del Sauce es un ingrediente clave en los tratamientos y peelings exfoliantes ya que ayuda a limpiar y descongestionar los poros en profundidad. Elimina los puntos negros, as\u00ed como las capas m\u00e1s superficiales de la piel, unificando el color del rostro y aportando claridad<br \/>\n<strong>Pimienta de Tasmania:<\/strong> Baya originaria de Australia se ha usado durante siglos en la medicina tradicional nativa. Es rica en antocianinas que ayudan a mejorar la producci\u00f3n de col\u00e1geno y, por lo tanto, reducen la aparici\u00f3n de l\u00edneas finas y arrugas. Pero sobretodo, se caracteriza por contener gluc\u00f3sidos de flavona y gluc\u00f3sidos flavonoides, que son unos potentes antioxidantes naturales que ayudan a a cuidar y proteger la piel de los radicales libres. Adem\u00e1s, es clave en esta formulaci\u00f3n ya que ayuda a reducir la irritaci\u00f3n asociada con el uso de los \u00e1cidos. Es de origen vegetal y var\u00eda en color estacionalmente y esta variaci\u00f3n de color puede aparecer en la f\u00f3rmula de vez en cuando<br \/>\n<strong>Vitamina B5:\u00a0<\/strong>Tambi\u00e9n conocida como \u00e1cido pantot\u00e9nico. Combate el acn\u00e9 y el envejecimiento mediante la mejora de la hidrataci\u00f3n de la piel, manteniendo la elasticidad y aumentando la suavidad. Una gran ayuda en los procesos de curaci\u00f3n de heridas<br \/>\n<strong>Zanahoria Negra:<\/strong> Un extracto bot\u00e1nico con grandes propiedades antioxidantes<br \/>\n<strong>Pol\u00edmero cruzado de \u00c1cido Hialur\u00f3nico:<\/strong> Ofrece una hidrataci\u00f3n en profundidad y un relleno visible sin extraer agua de la piel, solo para mejorar temporalmente la hidrataci\u00f3n de la superficie. Ofrece una sensaci\u00f3n de comodidad en la piel<\/p>\n<p>&nbsp;<\/p>\n<h2>Hazlo bien con AHA 30% BHA 2% Peeling Solution<\/h2>\n<p><strong>Primero de todo, debido a su potencia y eficacia, no recomendamos su aplicaci\u00f3n m\u00e1s de dos veces por semana.<br \/>\n<\/strong>Limpia bien el rostro y espera a que se seque antes de aplicarlo. <strong>NUNCA con la piel h\u00fameda<\/strong>.<br \/>\nAplica una ligera capa uniforme en el rostro y cuello, evitando el contorno y el contacto con los ojos, y exti\u00e9ndelo con las yemas de tus dedos.<br \/>\nDeja actuar el producto durante 10 min. \u00a1Controla bien el tiempo y no lo dejes m\u00e1s!<br \/>\nEnjuaga con agua templada<br \/>\n<strong>\u00a1Recuerda!es muy importante que uses una protecci\u00f3n solar de factor alto.\u00a0<\/strong>Los alfahidroxi\u00e1cidos pueden aumentar la sensibilidad de su piel al sol.\u00a0Limita la exposici\u00f3n al sol mientras usas este producto.<br \/>\n<strong><br \/>\n<\/strong>Es mejor aplicarlo por la noche para que tu piel tenga tiempo a descansar mientras duermes<strong><br \/>\n<\/strong><\/li>\n<\/ul>\n<p>&nbsp;<\/p>\n<p>&nbsp;<\/p>\n","protected":false},"excerpt":{"rendered":"<p style=\"text-align: left;\">Un potente s\u00e9rum exfoliante a base de alfahidroxi\u00e1cidos (AHA) y \u00e1cido salic\u00edlico (BHA) con el que notar\u00e1s resultados al instante, sintiendo un rostro m\u00e1s suave y radiante que nunca. <strong>No apto para pieles altamente sensibles, con eczemas, irritaci\u00f3n o cualquier otro problema dermatol\u00f3gico<\/strong><\/p>\n","protected":false},"featured_media":11778,"template":"","meta":{"spay_email":""},"product_cat":[1185],"product_tag":[],"class_list":{"0":"post-11777","1":"product","2":"type-product","3":"status-publish","4":"has-post-thumbnail","6":"product_cat-the-ordinary","7":"product-grid-view","9":"first","10":"outofstock","11":"shipping-taxable","12":"purchasable","13":"product-type-simple"},"_links":{"self":[{"href":"https:\/\/www.romystore.cl\/index.php?rest_route=\/wp\/v2\/product\/11777","targetHints":{"allow":["GET"]}}],"collection":[{"href":"https:\/\/www.romystore.cl\/index.php?rest_route=\/wp\/v2\/product"}],"about":[{"href":"https:\/\/www.romystore.cl\/index.php?rest_route=\/wp\/v2\/types\/product"}],"wp:featuredmedia":[{"embeddable":true,"href":"https:\/\/www.romystore.cl\/index.php?rest_route=\/wp\/v2\/media\/11778"}],"wp:attachment":[{"href":"https:\/\/www.romystore.cl\/index.php?rest_route=%2Fwp%2Fv2%2Fmedia&parent=11777"}],"wp:term":[{"taxonomy":"product_cat","embeddable":true,"href":"https:\/\/www.romystore.cl\/index.php?rest_route=%2Fwp%2Fv2%2Fproduct_cat&post=11777"},{"taxonomy":"product_tag","embeddable":true,"href":"https:\/\/www.romystore.cl\/index.php?rest_route=%2Fwp%2Fv2%2Fproduct_tag&post=11777"}],"curies":[{"name":"wp","href":"https:\/\/api.w.org\/{rel}","templated":true}]}}