{"id":10158,"date":"2022-10-28T20:12:18","date_gmt":"2022-10-28T23:12:18","guid":{"rendered":"https:\/\/www.romystore.cl\/?post_type=product&#038;p=10158"},"modified":"2025-05-18T19:08:52","modified_gmt":"2025-05-18T23:08:52","slug":"delineador-draw-the-line-beauty-creations-angled","status":"publish","type":"product","link":"https:\/\/www.romystore.cl\/?product=delineador-draw-the-line-beauty-creations-angled","title":{"rendered":"Delineador &#8211; Draw The Line Beauty Creations Angled"},"content":{"rendered":"<p>&nbsp;<\/p>\n<ul>\n<li>\n<div class=\"product-tabs__tab-item-content rte\">\n<p>\u00a1La l\u00ednea perfecta para el trazo m\u00e1s top en tus ojos este delineador! Lo nuevo para definir las l\u00edneas en tus ojos, d\u00e1ndole a tu maquillaje el toque final.<\/p>\n<ul>\n<li>F\u00e1cil aplicaci\u00f3n<\/li>\n<li>Se desliza con precisi\u00f3n<\/li>\n<li>Larga duraci\u00f3n<\/li>\n<li>Aprueba de agua<\/li>\n<li>Negro intenso<\/li>\n<\/ul>\n<\/div>\n<\/li>\n<\/ul>\n<p>&nbsp;<\/p>\n","protected":false},"excerpt":{"rendered":"<p>Delineador &#8211; Draw The Line Beauty Creations Angled<\/p>\n","protected":false},"featured_media":10159,"template":"","meta":{"spay_email":""},"product_cat":[286,174,1192],"product_tag":[1169,171,807,287,1131],"class_list":{"0":"post-10158","1":"product","2":"type-product","3":"status-publish","4":"has-post-thumbnail","6":"product_cat-delineadores","7":"product_cat-ojos","8":"product_cat-stock","9":"product_tag-angled","10":"product_tag-beauty-creations","11":"product_tag-cruelty-free","12":"product_tag-delineador","13":"product_tag-draw-the-line","14":"product-grid-view","16":"first","17":"instock","18":"shipping-taxable","19":"purchasable","20":"product-type-simple"},"_links":{"self":[{"href":"https:\/\/www.romystore.cl\/index.php?rest_route=\/wp\/v2\/product\/10158","targetHints":{"allow":["GET"]}}],"collection":[{"href":"https:\/\/www.romystore.cl\/index.php?rest_route=\/wp\/v2\/product"}],"about":[{"href":"https:\/\/www.romystore.cl\/index.php?rest_route=\/wp\/v2\/types\/product"}],"wp:featuredmedia":[{"embeddable":true,"href":"https:\/\/www.romystore.cl\/index.php?rest_route=\/wp\/v2\/media\/10159"}],"wp:attachment":[{"href":"https:\/\/www.romystore.cl\/index.php?rest_route=%2Fwp%2Fv2%2Fmedia&parent=10158"}],"wp:term":[{"taxonomy":"product_cat","embeddable":true,"href":"https:\/\/www.romystore.cl\/index.php?rest_route=%2Fwp%2Fv2%2Fproduct_cat&post=10158"},{"taxonomy":"product_tag","embeddable":true,"href":"https:\/\/www.romystore.cl\/index.php?rest_route=%2Fwp%2Fv2%2Fproduct_tag&post=10158"}],"curies":[{"name":"wp","href":"https:\/\/api.w.org\/{rel}","templated":true}]}}